{"id":651,"date":"2021-02-09T14:19:08","date_gmt":"2021-02-09T13:19:08","guid":{"rendered":"https:\/\/www.icpharma.be\/travailler-avec-ic-pharma\/"},"modified":"2021-03-12T09:53:47","modified_gmt":"2021-03-12T08:53:47","slug":"met-ons-samenwerken","status":"publish","type":"page","link":"https:\/\/www.icpharma.be\/nl\/met-ons-samenwerken\/","title":{"rendered":"Met ons samenwerken"},"content":{"rendered":"<p>[et_pb_section fb_built=&#8221;1&#8243; module_class=&#8221;blue-background-title&#8221; _builder_version=&#8221;4.9.0&#8243; _module_preset=&#8221;default&#8221;][et_pb_row _builder_version=&#8221;4.9.0&#8243; _module_preset=&#8221;default&#8221; custom_padding=&#8221;0px||0px||false|false&#8221;][et_pb_column type=&#8221;4_4&#8243; _builder_version=&#8221;4.9.0&#8243; _module_preset=&#8221;default&#8221;][et_pb_text _builder_version=&#8221;4.9.1&#8243; _module_preset=&#8221;default&#8221; hover_enabled=&#8221;0&#8243; sticky_enabled=&#8221;0&#8243;]<\/p>\n<h1 style=\"text-align: center;\">Met ons samenwerken<\/h1>\n<p>[\/et_pb_text][\/et_pb_column][\/et_pb_row][\/et_pb_section][et_pb_section fb_built=&#8221;1&#8243; module_class=&#8221;beige-background-section&#8221; _builder_version=&#8221;4.9.0&#8243; _module_preset=&#8221;default&#8221; background_color=&#8221;#fafaf7&#8243;][et_pb_row column_structure=&#8221;1_2,1_2&#8243; use_custom_gutter=&#8221;on&#8221; gutter_width=&#8221;2&#8243; _builder_version=&#8221;4.9.0&#8243; _module_preset=&#8221;default&#8221;][et_pb_column type=&#8221;1_2&#8243; _builder_version=&#8221;4.9.0&#8243; _module_preset=&#8221;default&#8221;][et_pb_image src=&#8221;https:\/\/www.icpharma.be\/wp-content\/uploads\/2021\/02\/ic-pharma-illu-a-propos.jpg&#8221; title_text=&#8221;ic-pharma-illu-a-propos&#8221; _builder_version=&#8221;4.9.0&#8243; _module_preset=&#8221;default&#8221; animation_style=&#8221;slide&#8221; animation_direction=&#8221;left&#8221; animation_intensity_slide=&#8221;2%&#8221;][\/et_pb_image][\/et_pb_column][et_pb_column type=&#8221;1_2&#8243; _builder_version=&#8221;4.9.0&#8243; _module_preset=&#8221;default&#8221;][et_pb_text _builder_version=&#8221;4.9.1&#8243; _module_preset=&#8221;default&#8221; header_2_font=&#8221;|800|||||||&#8221; hover_enabled=&#8221;0&#8243; sticky_enabled=&#8221;0&#8243;]<\/p>\n<h2 style=\"margin-bottom: 10px;\">5 redenen om samen te werken met IC Pharma<\/h2>\n<ol>\n<li>De <strong>bereikbaarheid<\/strong> van farmaceutische producten.<br \/>Dankzij onze proactieve werkwijze en de nauwe samenwerking met onze partners, kunnen wij pati\u00ebnten de farmaceutische producten leveren die zij nodig hebben.<\/li>\n<li>De <strong>kwaliteit<\/strong> van onze dienstverlening door de naleving van de meest strenge kwaliteitsnormen en een knowhow van meer dan 20 jaar.<\/li>\n<li>De <strong>betrouwbaarheid<\/strong> door het nakomen van onze verplichtingen en de transparantie van onze partnerschappen.<\/li>\n<li>De <strong>flexibiliteit<\/strong> door het ter beschikking stellen van innovatieve oplossingen die zijn afgestemd op de eisen van onze partners.<\/li>\n<li>De <strong>snelheid<\/strong> door het ter beschikking stellen van farmaceutische producten binnen een zo kort mogelijk tijdsbestek. Omdat wij niet vergeten dat er achter elk verzoek v\u00f3\u00f3r alles een pati\u00ebnt wacht!<\/li>\n<\/ol>\n<p>[\/et_pb_text][\/et_pb_column][\/et_pb_row][\/et_pb_section]<\/p>\n","protected":false},"excerpt":{"rendered":"<p>[et_pb_section fb_built=&#8221;1&#8243; module_class=&#8221;blue-background-title&#8221; _builder_version=&#8221;4.9.0&#8243; _module_preset=&#8221;default&#8221;][et_pb_row _builder_version=&#8221;4.9.0&#8243; _module_preset=&#8221;default&#8221; custom_padding=&#8221;0px||0px||false|false&#8221;][et_pb_column type=&#8221;4_4&#8243; _builder_version=&#8221;4.9.0&#8243; _module_preset=&#8221;default&#8221;][et_pb_text _builder_version=&#8221;4.9.1&#8243; _module_preset=&#8221;default&#8221; hover_enabled=&#8221;0&#8243; sticky_enabled=&#8221;0&#8243;] Met ons samenwerken [\/et_pb_text][\/et_pb_column][\/et_pb_row][\/et_pb_section][et_pb_section fb_built=&#8221;1&#8243; module_class=&#8221;beige-background-section&#8221; _builder_version=&#8221;4.9.0&#8243; _module_preset=&#8221;default&#8221; background_color=&#8221;#fafaf7&#8243;][et_pb_row column_structure=&#8221;1_2,1_2&#8243; use_custom_gutter=&#8221;on&#8221; gutter_width=&#8221;2&#8243; _builder_version=&#8221;4.9.0&#8243; _module_preset=&#8221;default&#8221;][et_pb_column type=&#8221;1_2&#8243; _builder_version=&#8221;4.9.0&#8243; _module_preset=&#8221;default&#8221;][et_pb_image src=&#8221;https:\/\/www.icpharma.be\/wp-content\/uploads\/2021\/02\/ic-pharma-illu-a-propos.jpg&#8221; title_text=&#8221;ic-pharma-illu-a-propos&#8221; _builder_version=&#8221;4.9.0&#8243; _module_preset=&#8221;default&#8221; animation_style=&#8221;slide&#8221; animation_direction=&#8221;left&#8221; animation_intensity_slide=&#8221;2%&#8221;][\/et_pb_image][\/et_pb_column][et_pb_column type=&#8221;1_2&#8243; _builder_version=&#8221;4.9.0&#8243; _module_preset=&#8221;default&#8221;][et_pb_text _builder_version=&#8221;4.9.1&#8243; _module_preset=&#8221;default&#8221; header_2_font=&#8221;|800|||||||&#8221; hover_enabled=&#8221;0&#8243; sticky_enabled=&#8221;0&#8243;] 5 redenen om samen te werken met IC [&hellip;]<\/p>\n","protected":false},"author":1,"featured_media":0,"parent":0,"menu_order":0,"comment_status":"closed","ping_status":"closed","template":"","meta":{"_et_pb_use_builder":"on","_et_pb_old_content":"","_et_gb_content_width":""},"_links":{"self":[{"href":"https:\/\/www.icpharma.be\/nl\/wp-json\/wp\/v2\/pages\/651"}],"collection":[{"href":"https:\/\/www.icpharma.be\/nl\/wp-json\/wp\/v2\/pages"}],"about":[{"href":"https:\/\/www.icpharma.be\/nl\/wp-json\/wp\/v2\/types\/page"}],"author":[{"embeddable":true,"href":"https:\/\/www.icpharma.be\/nl\/wp-json\/wp\/v2\/users\/1"}],"replies":[{"embeddable":true,"href":"https:\/\/www.icpharma.be\/nl\/wp-json\/wp\/v2\/comments?post=651"}],"version-history":[{"count":3,"href":"https:\/\/www.icpharma.be\/nl\/wp-json\/wp\/v2\/pages\/651\/revisions"}],"predecessor-version":[{"id":655,"href":"https:\/\/www.icpharma.be\/nl\/wp-json\/wp\/v2\/pages\/651\/revisions\/655"}],"wp:attachment":[{"href":"https:\/\/www.icpharma.be\/nl\/wp-json\/wp\/v2\/media?parent=651"}],"curies":[{"name":"wp","href":"https:\/\/api.w.org\/{rel}","templated":true}]}}